{"id":2540,"date":"2021-02-19T08:19:34","date_gmt":"2021-02-19T07:19:34","guid":{"rendered":"\/?page_id=2540"},"modified":"2021-03-05T14:15:47","modified_gmt":"2021-03-05T13:15:47","slug":"cellule-dinformation-des-investisseurs-2","status":"publish","type":"page","link":"http:\/\/196.203.106.171\/?page_id=2540&lang=fr","title":{"rendered":"Cellule d&rsquo;information des investisseurs"},"content":{"rendered":"\t\t<div data-elementor-type=\"wp-page\" data-elementor-id=\"2540\" class=\"elementor elementor-2540\">\n\t\t\t\t\t\t<section class=\"elementor-section elementor-top-section elementor-element elementor-element-55515e9 elementor-section-boxed elementor-section-height-default elementor-section-height-default\" data-id=\"55515e9\" data-element_type=\"section\" data-e-type=\"section\">\n\t\t\t\t\t\t<div class=\"elementor-container elementor-column-gap-default\">\n\t\t\t\t\t<div class=\"elementor-column elementor-col-100 elementor-top-column elementor-element elementor-element-4eb2caa\" data-id=\"4eb2caa\" data-element_type=\"column\" data-e-type=\"column\">\n\t\t\t<div class=\"elementor-widget-wrap elementor-element-populated\">\n\t\t\t\t\t\t<div class=\"elementor-element elementor-element-ddc6d78 elementor-widget elementor-widget-text-editor\" data-id=\"ddc6d78\" data-element_type=\"widget\" data-e-type=\"widget\" data-widget_type=\"text-editor.default\">\n\t\t\t\t<div class=\"elementor-widget-container\">\n\t\t\t\t\t\t\t\t\t<h1>Pr\u00e9sentation <span style=\"color: #4767b8;\">de l&rsquo;unit\u00e9<\/span><\/h1>\t\t\t\t\t\t\t\t<\/div>\n\t\t\t\t<\/div>\n\t\t\t\t\t<\/div>\n\t\t<\/div>\n\t\t\t\t\t<\/div>\n\t\t<\/section>\n\t\t\t\t<section class=\"elementor-section elementor-top-section elementor-element elementor-element-33d5123 elementor-section-boxed elementor-section-height-default elementor-section-height-default\" data-id=\"33d5123\" data-element_type=\"section\" data-e-type=\"section\">\n\t\t\t\t\t\t<div class=\"elementor-container elementor-column-gap-default\">\n\t\t\t\t\t<div class=\"elementor-column elementor-col-100 elementor-top-column elementor-element elementor-element-fd48e67\" data-id=\"fd48e67\" data-element_type=\"column\" data-e-type=\"column\">\n\t\t\t<div class=\"elementor-widget-wrap elementor-element-populated\">\n\t\t\t\t\t\t<div class=\"elementor-element elementor-element-46b8c51 elementor-widget elementor-widget-text-editor\" data-id=\"46b8c51\" data-element_type=\"widget\" data-e-type=\"widget\" data-widget_type=\"text-editor.default\">\n\t\t\t\t<div class=\"elementor-widget-container\">\n\t\t\t\t\t\t\t\t\t<ul><li><span style=\"color: #333333; font-size: 14pt;\"><span style=\"font-family: tahoma, arial, helvetica, sans-serif;\">R\u00e9gie par le D\u00e9cret n\u00b0 2014-4516 du 22 d\u00e9cembre 2014, portant cr\u00e9ation des unit\u00e9s d&rsquo;encadrement des investisseurs, qui compl\u00e8te et remplace D\u00e9cret n\u00b0 2010-771 du 20 avril 2010, portant cr\u00e9ation des cellules d\u2019encadrement des investisseurs.\u00a0<\/span><\/span><\/li><li><span style=\"color: #333333; font-size: 14pt;\"><span style=\"font-family: tahoma, arial, helvetica, sans-serif;\">Structure rattach\u00e9 au cabinet du Ministre des Domaines de l&rsquo;Etat et des Affaires Fonci\u00e8res<\/span><\/span><\/li><li><span style=\"color: #333333; font-size: 14pt;\"><span style=\"font-family: tahoma, arial, helvetica, sans-serif;\">Le pr\u00e9sident de l&rsquo;unit\u00e9 est le seul interlocuteur du Minist\u00e8re des Domaines de l&rsquo;Etat et des Affaires Fonci\u00e8res<\/span><\/span><\/li><\/ul><p><img fetchpriority=\"high\" decoding=\"async\" class=\"size-medium wp-image-2324\" src=\"http:\/\/\/wp-content\/uploads\/cellule_inves-420x244.jpg\" alt=\"cellule \" width=\"420\" height=\"244\" srcset=\"http:\/\/196.203.106.171\/wp-content\/uploads\/cellule_inves-420x244.jpg 420w, http:\/\/196.203.106.171\/wp-content\/uploads\/cellule_inves.jpg 531w\" sizes=\"(max-width: 420px) 100vw, 420px\" \/><\/p>\t\t\t\t\t\t\t\t<\/div>\n\t\t\t\t<\/div>\n\t\t\t\t\t<\/div>\n\t\t<\/div>\n\t\t\t\t\t<\/div>\n\t\t<\/section>\n\t\t\t\t<section class=\"elementor-section elementor-top-section elementor-element elementor-element-ddbbc51 elementor-section-boxed elementor-section-height-default elementor-section-height-default\" data-id=\"ddbbc51\" data-element_type=\"section\" data-e-type=\"section\">\n\t\t\t\t\t\t<div class=\"elementor-container elementor-column-gap-default\">\n\t\t\t\t\t<div class=\"elementor-column elementor-col-100 elementor-top-column elementor-element elementor-element-28c2a84\" data-id=\"28c2a84\" data-element_type=\"column\" data-e-type=\"column\">\n\t\t\t<div class=\"elementor-widget-wrap elementor-element-populated\">\n\t\t\t\t\t\t<div class=\"elementor-element elementor-element-130d1dc elementor-widget-divider--view-line elementor-widget elementor-widget-divider\" data-id=\"130d1dc\" data-element_type=\"widget\" data-e-type=\"widget\" data-widget_type=\"divider.default\">\n\t\t\t\t<div class=\"elementor-widget-container\">\n\t\t\t\t\t\t\t<div class=\"elementor-divider\">\n\t\t\t<span class=\"elementor-divider-separator\">\n\t\t\t\t\t\t<\/span>\n\t\t<\/div>\n\t\t\t\t\t\t<\/div>\n\t\t\t\t<\/div>\n\t\t\t\t\t<\/div>\n\t\t<\/div>\n\t\t\t\t\t<\/div>\n\t\t<\/section>\n\t\t\t\t<section class=\"elementor-section elementor-top-section elementor-element elementor-element-50599cd elementor-section-boxed elementor-section-height-default elementor-section-height-default\" data-id=\"50599cd\" data-element_type=\"section\" data-e-type=\"section\">\n\t\t\t\t\t\t<div class=\"elementor-container elementor-column-gap-default\">\n\t\t\t\t\t<div class=\"elementor-column elementor-col-100 elementor-top-column elementor-element elementor-element-202d84c\" data-id=\"202d84c\" data-element_type=\"column\" data-e-type=\"column\">\n\t\t\t<div class=\"elementor-widget-wrap elementor-element-populated\">\n\t\t\t\t\t\t<div class=\"elementor-element elementor-element-39ab089 elementor-widget elementor-widget-text-editor\" data-id=\"39ab089\" data-element_type=\"widget\" data-e-type=\"widget\" data-widget_type=\"text-editor.default\">\n\t\t\t\t<div class=\"elementor-widget-container\">\n\t\t\t\t\t\t\t\t\t<h1>R\u00f4le et\u00a0 <span style=\"color: #4767b8;\">Mission<\/span><\/h1>\t\t\t\t\t\t\t\t<\/div>\n\t\t\t\t<\/div>\n\t\t\t\t\t<\/div>\n\t\t<\/div>\n\t\t\t\t\t<\/div>\n\t\t<\/section>\n\t\t\t\t<section class=\"elementor-section elementor-top-section elementor-element elementor-element-0b99f07 elementor-section-boxed elementor-section-height-default elementor-section-height-default\" data-id=\"0b99f07\" data-element_type=\"section\" data-e-type=\"section\">\n\t\t\t\t\t\t<div class=\"elementor-container elementor-column-gap-default\">\n\t\t\t\t\t<div class=\"elementor-column elementor-col-100 elementor-top-column elementor-element elementor-element-e10a84c\" data-id=\"e10a84c\" data-element_type=\"column\" data-e-type=\"column\">\n\t\t\t<div class=\"elementor-widget-wrap elementor-element-populated\">\n\t\t\t\t\t\t<div class=\"elementor-element elementor-element-341e01b elementor-widget elementor-widget-text-editor\" data-id=\"341e01b\" data-element_type=\"widget\" data-e-type=\"widget\" data-widget_type=\"text-editor.default\">\n\t\t\t\t<div class=\"elementor-widget-container\">\n\t\t\t\t\t\t\t\t\t<ul><li><span style=\"font-size: 12pt; font-family: tahoma, arial, helvetica, sans-serif; color: #333333;\">Aider les investisseurs \u00e0 surmonter les difficult\u00e9s et les obstacles fonci\u00e8res, techniques proc\u00e9durales et administratifs\u00a0<\/span><\/li><li><span style=\"font-size: 12pt; font-family: tahoma, arial, helvetica, sans-serif; color: #333333;\">Information et accompagnement des investisseurs avec les informations et les donn\u00e9es n\u00e9cessaires concernant leurs dossiers et les moyens de contacter les directions centrales et r\u00e9gionales.<\/span><\/li><li><span style=\"font-size: 12pt; font-family: tahoma, arial, helvetica, sans-serif; color: #333333;\">Intervention au pr\u00e9s des structures centrales du Minist\u00e8res des Domaines de l&rsquo;Etat et des Affaires Fonci\u00e8res.<\/span><\/li><li><span style=\"font-size: 12pt; font-family: tahoma, arial, helvetica, sans-serif; color: #333333;\">Intervention au pr\u00e9s des structures centrales du Minist\u00e8res des Domaines de l&rsquo;Etat et des Affaires Fonci\u00e8res.<\/span><\/li><li><span style=\"font-size: 12pt; font-family: tahoma, arial, helvetica, sans-serif; color: #333333;\">Collaboration dans la r\u00e9solution des probl\u00e8mes fonci\u00e8res qui entravent l&rsquo;aboutissement des projets:\u00a0<\/span><ul><li><p><span style=\"font-size: 12pt; font-family: tahoma, arial, helvetica, sans-serif; color: #333333;\">Les diff\u00e9rentes unit\u00e9s cr\u00e9er su sien des Minist\u00e8res.<\/span><\/p><\/li><li><p><span style=\"font-size: 12pt; font-family: tahoma, arial, helvetica, sans-serif; color: #333333;\">L&rsquo;unit\u00e9 centrale d&rsquo;accompagnement des investisseurs au Minist\u00e8re du Pr\u00e9sidence du gouvernement.\u00a0<\/span><\/p><\/li><li><span style=\"font-size: 12pt; font-family: tahoma, arial, helvetica, sans-serif; color: #333333;\">les unit\u00e9s r\u00e9gionales d&rsquo;accompagnement des investisseurs<\/span><\/li><\/ul><\/li><li><span style=\"font-size: 12pt; font-family: tahoma, arial, helvetica, sans-serif; color: #333333;\">Suivie de la r\u00e9alisation des proc\u00e9dures misent en place pour surmonter les obstacles dans le p\u00e9rim\u00e8tre d&rsquo;action du Minist\u00e8re :<\/span><br \/><ul><li><span style=\"font-family: tahoma, arial, helvetica, sans-serif; font-size: 12pt; color: #333333;\">\u00a0Se pr\u00e9senter dans les r\u00e9unions\u00a0<\/span><\/li><li><span style=\"font-family: tahoma, arial, helvetica, sans-serif; font-size: 12pt; color: #333333;\">\u00eatre l&rsquo;initiateur des ateliers de travail dans le Minist\u00e8re<\/span><\/li><li><span style=\"font-family: tahoma, arial, helvetica, sans-serif; font-size: 12pt; color: #333333;\">Suivie de la r\u00e9alisation du projet<\/span><\/li><\/ul><\/li><li><p><span style=\"font-size: 12pt; font-family: tahoma, arial, helvetica, sans-serif; color: #333333;\">Elaboration de projet de loi et r\u00e9visions des textes juridiques pour simplifier les proc\u00e9dures administratifs et contribuent \u00e0 l&rsquo;\u00e9volution des activit\u00e9s \u00e9conomiques\u00a0<\/span><\/p><\/li><\/ul>\t\t\t\t\t\t\t\t<\/div>\n\t\t\t\t<\/div>\n\t\t\t\t\t<\/div>\n\t\t<\/div>\n\t\t\t\t\t<\/div>\n\t\t<\/section>\n\t\t\t\t<section class=\"elementor-section elementor-top-section elementor-element elementor-element-497e357 elementor-section-boxed elementor-section-height-default elementor-section-height-default\" data-id=\"497e357\" data-element_type=\"section\" data-e-type=\"section\">\n\t\t\t\t\t\t<div class=\"elementor-container elementor-column-gap-default\">\n\t\t\t\t\t<div class=\"elementor-column elementor-col-100 elementor-top-column elementor-element elementor-element-5e71d54\" data-id=\"5e71d54\" data-element_type=\"column\" data-e-type=\"column\">\n\t\t\t<div class=\"elementor-widget-wrap elementor-element-populated\">\n\t\t\t\t\t\t<div class=\"elementor-element elementor-element-c07cb3a elementor-widget-divider--view-line elementor-widget elementor-widget-divider\" data-id=\"c07cb3a\" data-element_type=\"widget\" data-e-type=\"widget\" data-widget_type=\"divider.default\">\n\t\t\t\t<div class=\"elementor-widget-container\">\n\t\t\t\t\t\t\t<div class=\"elementor-divider\">\n\t\t\t<span class=\"elementor-divider-separator\">\n\t\t\t\t\t\t<\/span>\n\t\t<\/div>\n\t\t\t\t\t\t<\/div>\n\t\t\t\t<\/div>\n\t\t\t\t\t<\/div>\n\t\t<\/div>\n\t\t\t\t\t<\/div>\n\t\t<\/section>\n\t\t\t\t<section class=\"elementor-section elementor-top-section elementor-element elementor-element-931e25b elementor-section-boxed elementor-section-height-default elementor-section-height-default\" data-id=\"931e25b\" data-element_type=\"section\" data-e-type=\"section\">\n\t\t\t\t\t\t<div class=\"elementor-container elementor-column-gap-default\">\n\t\t\t\t\t<div class=\"elementor-column elementor-col-100 elementor-top-column elementor-element elementor-element-6440975\" data-id=\"6440975\" data-element_type=\"column\" data-e-type=\"column\">\n\t\t\t<div class=\"elementor-widget-wrap elementor-element-populated\">\n\t\t\t\t\t\t<div class=\"elementor-element elementor-element-ae617ab elementor-widget elementor-widget-text-editor\" data-id=\"ae617ab\" data-element_type=\"widget\" data-e-type=\"widget\" data-widget_type=\"text-editor.default\">\n\t\t\t\t<div class=\"elementor-widget-container\">\n\t\t\t\t\t\t\t\t\t<h1>Contact de <span style=\"color: #4767b8;\">l&rsquo;unit\u00e9<\/span><\/h1>\t\t\t\t\t\t\t\t<\/div>\n\t\t\t\t<\/div>\n\t\t\t\t\t<\/div>\n\t\t<\/div>\n\t\t\t\t\t<\/div>\n\t\t<\/section>\n\t\t\t\t<section class=\"elementor-section elementor-top-section elementor-element elementor-element-c9e9448 elementor-section-boxed elementor-section-height-default elementor-section-height-default\" data-id=\"c9e9448\" data-element_type=\"section\" data-e-type=\"section\">\n\t\t\t\t\t\t<div class=\"elementor-container elementor-column-gap-default\">\n\t\t\t\t\t<div class=\"elementor-column elementor-col-100 elementor-top-column elementor-element elementor-element-128aa05\" data-id=\"128aa05\" data-element_type=\"column\" data-e-type=\"column\">\n\t\t\t<div class=\"elementor-widget-wrap elementor-element-populated\">\n\t\t\t\t\t\t<div class=\"elementor-element elementor-element-5db54b0 elementor-widget elementor-widget-text-editor\" data-id=\"5db54b0\" data-element_type=\"widget\" data-e-type=\"widget\" data-widget_type=\"text-editor.default\">\n\t\t\t\t<div class=\"elementor-widget-container\">\n\t\t\t\t\t\t\t\t\t<ul><li><span style=\"font-family: tahoma, arial, helvetica, sans-serif; color: #333333; font-size: 14pt;\">Pr\u00e9sident de l&rsquo;unit\u00e9: Mr. Nabil el abidi\u00a0<\/span><\/li><li><span style=\"font-family: tahoma, arial, helvetica, sans-serif; color: #333333; font-size: 14pt;\">T\u00e9l\u00e9phone: 71 341 678\u00a0<\/span><\/li><li><span style=\"font-family: tahoma, arial, helvetica, sans-serif; color: #333333; font-size: 14pt;\">Fax: 71 252 110\u00a0<\/span><\/li><li><span style=\"font-family: tahoma, arial, helvetica, sans-serif; color: #333333; font-size: 14pt;\">Email: nabil.abidi@domainetat.tn<\/span><\/li><li><span style=\"font-family: tahoma, arial, helvetica, sans-serif; color: #333333; font-size: 14pt;\">Adresse: Tour de la Nation -Avenue Mohamed V- Tunis 1000<\/span><\/li><\/ul><p>\u00a0<\/p>\t\t\t\t\t\t\t\t<\/div>\n\t\t\t\t<\/div>\n\t\t\t\t\t<\/div>\n\t\t<\/div>\n\t\t\t\t\t<\/div>\n\t\t<\/section>\n\t\t\t\t<\/div>\n\t\t","protected":false},"excerpt":{"rendered":"<p>Pr\u00e9sentation de l&rsquo;unit\u00e9 R\u00e9gie par le D\u00e9cret n\u00b0 2014-4516 du 22 d\u00e9cembre 2014, portant cr\u00e9ation des unit\u00e9s d&rsquo;encadrement des investisseurs, qui compl\u00e8te et remplace D\u00e9cret n\u00b0 2010-771 du 20 avril 2010, portant cr\u00e9ation des cellules d\u2019encadrement des investisseurs.\u00a0 Structure rattach\u00e9 au cabinet du Ministre des Domaines de l&rsquo;Etat et des Affaires Fonci\u00e8res Le pr\u00e9sident de [&hellip;]<\/p>\n","protected":false},"author":1,"featured_media":0,"parent":0,"menu_order":0,"comment_status":"closed","ping_status":"closed","template":"","meta":{"ocean_post_layout":"","ocean_both_sidebars_style":"","ocean_both_sidebars_content_width":0,"ocean_both_sidebars_sidebars_width":0,"ocean_sidebar":"0","ocean_second_sidebar":"0","ocean_disable_margins":"enable","ocean_add_body_class":"","ocean_shortcode_before_top_bar":"","ocean_shortcode_after_top_bar":"","ocean_shortcode_before_header":"","ocean_shortcode_after_header":"","ocean_has_shortcode":"","ocean_shortcode_after_title":"","ocean_shortcode_before_footer_widgets":"","ocean_shortcode_after_footer_widgets":"","ocean_shortcode_before_footer_bottom":"","ocean_shortcode_after_footer_bottom":"","ocean_display_top_bar":"default","ocean_display_header":"default","ocean_header_style":"","ocean_center_header_left_menu":"0","ocean_custom_header_template":"0","ocean_custom_logo":0,"ocean_custom_retina_logo":0,"ocean_custom_logo_max_width":0,"ocean_custom_logo_tablet_max_width":0,"ocean_custom_logo_mobile_max_width":0,"ocean_custom_logo_max_height":0,"ocean_custom_logo_tablet_max_height":0,"ocean_custom_logo_mobile_max_height":0,"ocean_header_custom_menu":"0","ocean_menu_typo_font_family":"0","ocean_menu_typo_font_subset":"","ocean_menu_typo_font_size":0,"ocean_menu_typo_font_size_tablet":0,"ocean_menu_typo_font_size_mobile":0,"ocean_menu_typo_font_size_unit":"px","ocean_menu_typo_font_weight":"","ocean_menu_typo_font_weight_tablet":"","ocean_menu_typo_font_weight_mobile":"","ocean_menu_typo_transform":"","ocean_menu_typo_transform_tablet":"","ocean_menu_typo_transform_mobile":"","ocean_menu_typo_line_height":0,"ocean_menu_typo_line_height_tablet":0,"ocean_menu_typo_line_height_mobile":0,"ocean_menu_typo_line_height_unit":"","ocean_menu_typo_spacing":0,"ocean_menu_typo_spacing_tablet":0,"ocean_menu_typo_spacing_mobile":0,"ocean_menu_typo_spacing_unit":"","ocean_menu_link_color":"","ocean_menu_link_color_hover":"","ocean_menu_link_color_active":"","ocean_menu_link_background":"","ocean_menu_link_hover_background":"","ocean_menu_link_active_background":"","ocean_menu_social_links_bg":"","ocean_menu_social_hover_links_bg":"","ocean_menu_social_links_color":"","ocean_menu_social_hover_links_color":"","ocean_disable_title":"default","ocean_disable_heading":"default","ocean_post_title":"","ocean_post_subheading":"","ocean_post_title_style":"","ocean_post_title_background_color":"","ocean_post_title_background":0,"ocean_post_title_bg_image_position":"","ocean_post_title_bg_image_attachment":"","ocean_post_title_bg_image_repeat":"","ocean_post_title_bg_image_size":"","ocean_post_title_height":0,"ocean_post_title_bg_overlay":0.5,"ocean_post_title_bg_overlay_color":"","ocean_disable_breadcrumbs":"default","ocean_breadcrumbs_color":"","ocean_breadcrumbs_separator_color":"","ocean_breadcrumbs_links_color":"","ocean_breadcrumbs_links_hover_color":"","ocean_display_footer_widgets":"default","ocean_display_footer_bottom":"default","ocean_custom_footer_template":"0","footnotes":""},"class_list":["post-2540","page","type-page","status-publish","hentry","entry"],"publishpress_future_action":{"enabled":false,"date":"2026-04-14 13:23:36","action":"change-status","newStatus":"draft","terms":[],"taxonomy":"language","extraData":[]},"publishpress_future_workflow_manual_trigger":{"enabledWorkflows":[]},"_links":{"self":[{"href":"http:\/\/196.203.106.171\/index.php?rest_route=\/wp\/v2\/pages\/2540","targetHints":{"allow":["GET"]}}],"collection":[{"href":"http:\/\/196.203.106.171\/index.php?rest_route=\/wp\/v2\/pages"}],"about":[{"href":"http:\/\/196.203.106.171\/index.php?rest_route=\/wp\/v2\/types\/page"}],"author":[{"embeddable":true,"href":"http:\/\/196.203.106.171\/index.php?rest_route=\/wp\/v2\/users\/1"}],"replies":[{"embeddable":true,"href":"http:\/\/196.203.106.171\/index.php?rest_route=%2Fwp%2Fv2%2Fcomments&post=2540"}],"version-history":[{"count":19,"href":"http:\/\/196.203.106.171\/index.php?rest_route=\/wp\/v2\/pages\/2540\/revisions"}],"predecessor-version":[{"id":6727,"href":"http:\/\/196.203.106.171\/index.php?rest_route=\/wp\/v2\/pages\/2540\/revisions\/6727"}],"wp:attachment":[{"href":"http:\/\/196.203.106.171\/index.php?rest_route=%2Fwp%2Fv2%2Fmedia&parent=2540"}],"curies":[{"name":"wp","href":"https:\/\/api.w.org\/{rel}","templated":true}]}}